{"id":683,"date":"2023-03-23T11:02:25","date_gmt":"2023-03-23T11:02:25","guid":{"rendered":"https:\/\/www.pinknoise.or.at\/?page_id=683"},"modified":"2025-04-12T20:03:23","modified_gmt":"2025-04-12T20:03:23","slug":"anmeldung","status":"publish","type":"page","link":"https:\/\/www.pinknoise.or.at\/?page_id=683","title":{"rendered":"ANMELDUNG"},"content":{"rendered":"\t\t<div data-elementor-type=\"wp-page\" data-elementor-id=\"683\" class=\"elementor elementor-683\">\n\t\t\t\t\t\t<section class=\"elementor-section elementor-top-section elementor-element elementor-element-83b8c49 elementor-section-boxed elementor-section-height-default elementor-section-height-default\" data-id=\"83b8c49\" data-element_type=\"section\" data-e-type=\"section\">\n\t\t\t\t\t\t<div class=\"elementor-container elementor-column-gap-default\">\n\t\t\t\t\t<div class=\"elementor-column elementor-col-100 elementor-top-column elementor-element elementor-element-8b619f6\" data-id=\"8b619f6\" data-element_type=\"column\" data-e-type=\"column\">\n\t\t\t<div class=\"elementor-widget-wrap elementor-element-populated\">\n\t\t\t\t\t\t<div class=\"elementor-element elementor-element-0dd2028 elementor-widget elementor-widget-spacer\" data-id=\"0dd2028\" data-element_type=\"widget\" data-e-type=\"widget\" data-widget_type=\"spacer.default\">\n\t\t\t\t<div class=\"elementor-widget-container\">\n\t\t\t\t\t\t\t<div class=\"elementor-spacer\">\n\t\t\t<div class=\"elementor-spacer-inner\"><\/div>\n\t\t<\/div>\n\t\t\t\t\t\t<\/div>\n\t\t\t\t<\/div>\n\t\t\t\t<div class=\"elementor-element elementor-element-839a3a3 elementor-widget elementor-widget-heading\" data-id=\"839a3a3\" data-element_type=\"widget\" data-e-type=\"widget\" id=\"Anmeldung\" data-widget_type=\"heading.default\">\n\t\t\t\t<div class=\"elementor-widget-container\">\n\t\t\t\t\t<h1 class=\"elementor-heading-title elementor-size-default\">ANMELDUNG<\/h1>\t\t\t\t<\/div>\n\t\t\t\t<\/div>\n\t\t\t\t<div class=\"elementor-element elementor-element-0739478 elementor-widget elementor-widget-spacer\" data-id=\"0739478\" data-element_type=\"widget\" data-e-type=\"widget\" data-widget_type=\"spacer.default\">\n\t\t\t\t<div class=\"elementor-widget-container\">\n\t\t\t\t\t\t\t<div class=\"elementor-spacer\">\n\t\t\t<div class=\"elementor-spacer-inner\"><\/div>\n\t\t<\/div>\n\t\t\t\t\t\t<\/div>\n\t\t\t\t<\/div>\n\t\t\t\t\t<\/div>\n\t\t<\/div>\n\t\t\t\t\t<\/div>\n\t\t<\/section>\n\t\t\t\t<section class=\"elementor-section elementor-top-section elementor-element elementor-element-bf520b7 elementor-section-boxed elementor-section-height-default elementor-section-height-default\" data-id=\"bf520b7\" data-element_type=\"section\" data-e-type=\"section\">\n\t\t\t\t\t\t<div class=\"elementor-container elementor-column-gap-default\">\n\t\t\t\t\t<div class=\"elementor-column elementor-col-100 elementor-top-column elementor-element elementor-element-c691b66\" data-id=\"c691b66\" data-element_type=\"column\" data-e-type=\"column\">\n\t\t\t<div class=\"elementor-widget-wrap elementor-element-populated\">\n\t\t\t\t\t\t<div class=\"elementor-element elementor-element-0773958 elementor-widget-tablet__width-initial elementor-widget elementor-widget-text-editor\" data-id=\"0773958\" data-element_type=\"widget\" data-e-type=\"widget\" data-widget_type=\"text-editor.default\">\n\t\t\t\t<div class=\"elementor-widget-container\">\n\t\t\t\t\t\t\t\t\t<p><a href=\"https:\/\/www.pinknoise.or.at\/wp-content\/uploads\/2025\/04\/anmeldung-formular_2025.pdf\">Hier<\/a> findest du ein Formular zur Anmeldung<\/p><p>Bitte f\u00fclle die n\u00e4chsten Seiten aus (bzw. deine gesetzliche<br \/>Vertretung) und schicke sie an uns zur\u00fcck&#8230;<\/p><p>&#8230; <strong>per Post an:<\/strong><br \/>pink noise<\/p><p>Habichergasse 9\/46<\/p><p>1160 Wien<\/p><p>&#8230; <strong>per Mail an:<\/strong><\/p><p>leni.pinknoise@gmx.at<\/p><p><strong>Bitte vergiss nicht auf die Unterschrift(en)!<\/strong><\/p><p>\u00a0<\/p>\t\t\t\t\t\t\t\t<\/div>\n\t\t\t\t<\/div>\n\t\t\t\t<div class=\"elementor-element elementor-element-340ebdc elementor-widget-tablet__width-initial elementor-widget elementor-widget-text-editor\" data-id=\"340ebdc\" data-element_type=\"widget\" data-e-type=\"widget\" data-widget_type=\"text-editor.default\">\n\t\t\t\t<div class=\"elementor-widget-container\">\n\t\t\t\t\t\t\t\t\t<p>Ist deine Anmeldung bei uns eingelangt, lassen wir dir innerhalb<br \/>der n\u00e4chsten Tage eine Anmeldebest\u00e4tigung zukommen.<\/p><p>Wenn du die Best\u00e4tigung \u00fcber deine Anmeldung erhalten hast, bitten<br \/>wir dich, die Teilnahmegeb\u00fchr innerhalb von 14 Tagen (ab<br \/>Erhalt der Best\u00e4tigung) an uns zu \u00fcberweisen (die Kontodaten<br \/>findest du dann auf der Reservierungsbest\u00e4tigung; bitte als<br \/>Verwendungszweck \u201aTeilnahmegeb\u00fchr\u2019 angeben!).<\/p><p>Wenn das Geld bei uns eingelangt ist, bekommst du von uns eine<br \/>Best\u00e4tigung, dass deine Teilnahme am pink noise Camp 2025<br \/>im Outback Wolkersdorf fixiert ist.<\/p><p>Mit Ausnahme der Teilnahmegeb\u00fchr und den Kosten f\u00fcr die<br \/>An- und Abreise fallen f\u00fcr dich keine Kosten an!<\/p><p>F\u00fcr Fr\u00fchst\u00fcck, Mittag und Abendessen sowie Getr\u00e4nke wird gesorgt.<br \/>Die ben\u00f6tigten Instrumente werden ebenfalls, ohne dem Entstehen von weiteren Kosten f\u00fcr dich, f\u00fcr den gesamten Zeitraum des pink noise Camp 2025 zur Verf\u00fcgung gestellt.<\/p><p>Die H\u00f6he des Teilnahmebeitrags (inkl. Verpflegung) kannst du<br \/>nach eigenem Ermessen im Bereich von 50 bis 250 EUR frei<br \/>w\u00e4hlen und selbst festlegen. (1)<\/p><p>Wenn du eine Unterkunft<br \/>ben\u00f6tigst, diese befindet sich in unmittelbarer N\u00e4he des<br \/>Veranstaltungsortes, erh\u00f6ht sich die Teilnahmegeb\u00fchr um 240<br \/>EUR (pauschal), also insgesamt 290 bis 490 EUR.<br \/>Die Unterbringung erfolgt in<br \/>Mehrbettzimmern.<\/p><p><strong>Wir freuen uns auf dich!<\/strong><\/p><p><strong style=\"font-family: var( --e-global-typography-text-font-family ), Sans-serif; font-size: var( --e-global-typography-text-font-size );\">\u00a0<\/strong><strong style=\"font-family: var( --e-global-typography-text-font-family ), Sans-serif; font-size: var( --e-global-typography-text-font-size );\">\u00a0<\/strong><\/p><p><strong>\u00a0<\/strong><\/p><p>(1) Die tats\u00e4chlichen Kosten f\u00fcr jede*n Teilnehmer*in<br \/>betragen f\u00fcr Verpflegung, Unterkunft, Honorare Workshops<br \/>und Bandcoaching, Instrumentennutzung, Camplogistik und<br \/>inklusive ehrenamtliche Arbeitszeit ungef\u00e4hr 3.000 EUR;<br \/>durch die finanzielle Unterst\u00fctzung aus \u00f6ffentlichen<br \/>F\u00f6rderungen, welche das Projekt gro\u00dfteils tragen, wird<br \/>versucht, die Teilnahmegeb\u00fchren\u00a0<br \/>so niedrig wie m\u00f6glich zu<br \/>halten.<\/p><p>Sollte der Betrag dennoch zu hoch erscheinen, setz<br \/>dich bitte mit uns in Verbindung um nach individuellen<br \/>L\u00f6sungsm\u00f6glichkeiten zu suchen&#8230;<\/p>\t\t\t\t\t\t\t\t<\/div>\n\t\t\t\t<\/div>\n\t\t\t\t\t<\/div>\n\t\t<\/div>\n\t\t\t\t\t<\/div>\n\t\t<\/section>\n\t\t\t\t<section class=\"elementor-section elementor-top-section elementor-element elementor-element-6a26685 elementor-section-boxed elementor-section-height-default elementor-section-height-default\" data-id=\"6a26685\" data-element_type=\"section\" data-e-type=\"section\">\n\t\t\t\t\t\t<div class=\"elementor-container elementor-column-gap-default\">\n\t\t\t\t\t<div class=\"elementor-column elementor-col-100 elementor-top-column elementor-element elementor-element-c298440\" data-id=\"c298440\" data-element_type=\"column\" data-e-type=\"column\">\n\t\t\t<div class=\"elementor-widget-wrap elementor-element-populated\">\n\t\t\t\t\t\t<div class=\"elementor-element elementor-element-6819b5f elementor-widget elementor-widget-spacer\" data-id=\"6819b5f\" data-element_type=\"widget\" data-e-type=\"widget\" data-widget_type=\"spacer.default\">\n\t\t\t\t<div class=\"elementor-widget-container\">\n\t\t\t\t\t\t\t<div class=\"elementor-spacer\">\n\t\t\t<div class=\"elementor-spacer-inner\"><\/div>\n\t\t<\/div>\n\t\t\t\t\t\t<\/div>\n\t\t\t\t<\/div>\n\t\t\t\t\t<\/div>\n\t\t<\/div>\n\t\t\t\t\t<\/div>\n\t\t<\/section>\n\t\t\t\t<section class=\"elementor-section elementor-top-section elementor-element elementor-element-7d8c59e elementor-section-boxed elementor-section-height-default elementor-section-height-default\" data-id=\"7d8c59e\" data-element_type=\"section\" data-e-type=\"section\">\n\t\t\t\t\t\t<div class=\"elementor-container elementor-column-gap-default\">\n\t\t\t\t\t<div class=\"elementor-column elementor-col-100 elementor-top-column elementor-element elementor-element-047d042\" data-id=\"047d042\" data-element_type=\"column\" data-e-type=\"column\">\n\t\t\t<div class=\"elementor-widget-wrap elementor-element-populated\">\n\t\t\t\t\t\t<div class=\"elementor-element elementor-element-329e970 elementor-align-center elementor-widget elementor-widget-button\" data-id=\"329e970\" data-element_type=\"widget\" data-e-type=\"widget\" data-widget_type=\"button.default\">\n\t\t\t\t<div class=\"elementor-widget-container\">\n\t\t\t\t\t\t\t\t\t<div class=\"elementor-button-wrapper\">\n\t\t\t\t\t<a class=\"elementor-button elementor-button-link elementor-size-sm\" href=\"https:\/\/www.pinknoise.or.at\/wp-content\/uploads\/2025\/04\/anmeldung-formular_2025.pdf\" target=\"_blank\">\n\t\t\t\t\t\t<span class=\"elementor-button-content-wrapper\">\n\t\t\t\t\t\t<span class=\"elementor-button-icon\">\n\t\t\t\t<i aria-hidden=\"true\" class=\"far fa-arrow-alt-circle-down\"><\/i>\t\t\t<\/span>\n\t\t\t\t\t\t\t\t\t<span class=\"elementor-button-text\">ZUM FORMULAR<\/span>\n\t\t\t\t\t<\/span>\n\t\t\t\t\t<\/a>\n\t\t\t\t<\/div>\n\t\t\t\t\t\t\t\t<\/div>\n\t\t\t\t<\/div>\n\t\t\t\t\t<\/div>\n\t\t<\/div>\n\t\t\t\t\t<\/div>\n\t\t<\/section>\n\t\t\t\t<section class=\"elementor-section elementor-top-section elementor-element elementor-element-046071c elementor-section-boxed elementor-section-height-default elementor-section-height-default\" data-id=\"046071c\" data-element_type=\"section\" data-e-type=\"section\">\n\t\t\t\t\t\t<div class=\"elementor-container elementor-column-gap-default\">\n\t\t\t\t\t<div class=\"elementor-column elementor-col-100 elementor-top-column elementor-element elementor-element-aa7e843\" data-id=\"aa7e843\" data-element_type=\"column\" data-e-type=\"column\">\n\t\t\t<div class=\"elementor-widget-wrap elementor-element-populated\">\n\t\t\t\t\t\t<div class=\"elementor-element elementor-element-70bd5f6 elementor-widget elementor-widget-spacer\" data-id=\"70bd5f6\" data-element_type=\"widget\" data-e-type=\"widget\" data-widget_type=\"spacer.default\">\n\t\t\t\t<div class=\"elementor-widget-container\">\n\t\t\t\t\t\t\t<div class=\"elementor-spacer\">\n\t\t\t<div class=\"elementor-spacer-inner\"><\/div>\n\t\t<\/div>\n\t\t\t\t\t\t<\/div>\n\t\t\t\t<\/div>\n\t\t\t\t\t<\/div>\n\t\t<\/div>\n\t\t\t\t\t<\/div>\n\t\t<\/section>\n\t\t\t\t<section class=\"elementor-section elementor-top-section elementor-element elementor-element-6189107 elementor-section-boxed elementor-section-height-default elementor-section-height-default\" data-id=\"6189107\" data-element_type=\"section\" data-e-type=\"section\">\n\t\t\t\t\t\t<div class=\"elementor-container elementor-column-gap-default\">\n\t\t\t\t\t<div class=\"elementor-column elementor-col-100 elementor-top-column elementor-element elementor-element-d1fd172\" data-id=\"d1fd172\" data-element_type=\"column\" data-e-type=\"column\">\n\t\t\t<div class=\"elementor-widget-wrap elementor-element-populated\">\n\t\t\t\t\t\t<div class=\"elementor-element elementor-element-a4cbfd7 elementor-widget elementor-widget-text-editor\" data-id=\"a4cbfd7\" data-element_type=\"widget\" data-e-type=\"widget\" data-widget_type=\"text-editor.default\">\n\t\t\t\t<div class=\"elementor-widget-container\">\n\t\t\t\t\t\t\t\t\t<p><strong>Kontakt f\u00fcr Fragen bzgl. der Anmeldung:<br \/><\/strong><br \/>Leni, erreichbar unter:<br \/>06505258425\u00a0 <\/p><p>leni.pinknoise@gmx.at<\/p><p>\u00a0<\/p>\t\t\t\t\t\t\t\t<\/div>\n\t\t\t\t<\/div>\n\t\t\t\t\t<\/div>\n\t\t<\/div>\n\t\t\t\t\t<\/div>\n\t\t<\/section>\n\t\t\t\t<section class=\"elementor-section elementor-top-section elementor-element elementor-element-f7c7a52 elementor-section-boxed elementor-section-height-default elementor-section-height-default\" data-id=\"f7c7a52\" data-element_type=\"section\" data-e-type=\"section\">\n\t\t\t\t\t\t<div class=\"elementor-container elementor-column-gap-default\">\n\t\t\t\t\t<div class=\"elementor-column elementor-col-100 elementor-top-column elementor-element elementor-element-330fb46\" data-id=\"330fb46\" data-element_type=\"column\" data-e-type=\"column\">\n\t\t\t<div class=\"elementor-widget-wrap elementor-element-populated\">\n\t\t\t\t\t\t<div class=\"elementor-element elementor-element-dbd98e3 elementor-widget elementor-widget-spacer\" data-id=\"dbd98e3\" data-element_type=\"widget\" data-e-type=\"widget\" data-widget_type=\"spacer.default\">\n\t\t\t\t<div class=\"elementor-widget-container\">\n\t\t\t\t\t\t\t<div class=\"elementor-spacer\">\n\t\t\t<div class=\"elementor-spacer-inner\"><\/div>\n\t\t<\/div>\n\t\t\t\t\t\t<\/div>\n\t\t\t\t<\/div>\n\t\t\t\t\t<\/div>\n\t\t<\/div>\n\t\t\t\t\t<\/div>\n\t\t<\/section>\n\t\t\t\t<\/div>\n\t\t","protected":false},"excerpt":{"rendered":"<p>ANMELDUNG Hier findest du ein Formular zur Anmeldung Bitte f\u00fclle die n\u00e4chsten Seiten aus (bzw. deine gesetzlicheVertretung) und schicke sie an uns zur\u00fcck&#8230; &#8230; per Post an:pink noise Habichergasse 9\/46 1160 Wien &#8230; per Mail an: leni.pinknoise@gmx.at Bitte vergiss nicht auf die Unterschrift(en)! \u00a0 Ist deine Anmeldung bei uns eingelangt, lassen wir dir innerhalbder n\u00e4chsten&hellip; <a class=\"more-link\" href=\"https:\/\/www.pinknoise.or.at\/?page_id=683\">Continue reading <span class=\"screen-reader-text\">ANMELDUNG<\/span><\/a><\/p>\n","protected":false},"author":1,"featured_media":0,"parent":0,"menu_order":0,"comment_status":"closed","ping_status":"closed","template":"elementor_header_footer","meta":{"footnotes":""},"class_list":["post-683","page","type-page","status-publish","hentry","entry"],"_links":{"self":[{"href":"https:\/\/www.pinknoise.or.at\/index.php?rest_route=\/wp\/v2\/pages\/683","targetHints":{"allow":["GET"]}}],"collection":[{"href":"https:\/\/www.pinknoise.or.at\/index.php?rest_route=\/wp\/v2\/pages"}],"about":[{"href":"https:\/\/www.pinknoise.or.at\/index.php?rest_route=\/wp\/v2\/types\/page"}],"author":[{"embeddable":true,"href":"https:\/\/www.pinknoise.or.at\/index.php?rest_route=\/wp\/v2\/users\/1"}],"replies":[{"embeddable":true,"href":"https:\/\/www.pinknoise.or.at\/index.php?rest_route=%2Fwp%2Fv2%2Fcomments&post=683"}],"version-history":[{"count":55,"href":"https:\/\/www.pinknoise.or.at\/index.php?rest_route=\/wp\/v2\/pages\/683\/revisions"}],"predecessor-version":[{"id":1192,"href":"https:\/\/www.pinknoise.or.at\/index.php?rest_route=\/wp\/v2\/pages\/683\/revisions\/1192"}],"wp:attachment":[{"href":"https:\/\/www.pinknoise.or.at\/index.php?rest_route=%2Fwp%2Fv2%2Fmedia&parent=683"}],"curies":[{"name":"wp","href":"https:\/\/api.w.org\/{rel}","templated":true}]}}